{"id":5110,"date":"2023-05-09T16:56:55","date_gmt":"2023-05-09T16:56:55","guid":{"rendered":"https:\/\/drrichardfakin.com\/?page_id=5110"},"modified":"2026-04-06T10:04:55","modified_gmt":"2026-04-06T10:04:55","slug":"aviso-legal","status":"publish","type":"page","link":"https:\/\/drrichardfakin.com\/de\/aviso-legal\/","title":{"rendered":"Rechtlicher Hinweis"},"content":{"rendered":"<div data-elementor-type=\"wp-page\" data-elementor-id=\"5110\" class=\"elementor elementor-5110\" data-elementor-post-type=\"page\">\n\t\t\t\t\t\t<section class=\"elementor-section elementor-top-section elementor-element elementor-element-e07d959 elementor-section-boxed elementor-section-height-default elementor-section-height-default\" data-id=\"e07d959\" data-element_type=\"section\" data-e-type=\"section\">\n\t\t\t\t\t\t<div class=\"elementor-container elementor-column-gap-default\">\n\t\t\t\t\t<div class=\"elementor-column elementor-col-100 elementor-top-column elementor-element elementor-element-d9742f6\" data-id=\"d9742f6\" data-element_type=\"column\" data-e-type=\"column\">\n\t\t\t<div class=\"elementor-widget-wrap elementor-element-populated\">\n\t\t\t\t\t\t<div class=\"elementor-element elementor-element-2e3a0df elementor-widget elementor-widget-heading\" data-id=\"2e3a0df\" data-element_type=\"widget\" data-e-type=\"widget\" data-widget_type=\"heading.default\">\n\t\t\t\t<div class=\"elementor-widget-container\">\n\t\t\t\t\t<h1 class=\"elementor-heading-title elementor-size-default\">Rechtlicher Hinweis<\/h1>\t\t\t\t<\/div>\n\t\t\t\t<\/div>\n\t\t\t\t<section class=\"elementor-section elementor-inner-section elementor-element elementor-element-3c610cb elementor-section-boxed elementor-section-height-default elementor-section-height-default\" data-id=\"3c610cb\" data-element_type=\"section\" data-e-type=\"section\">\n\t\t\t\t\t\t<div class=\"elementor-container elementor-column-gap-default\">\n\t\t\t\t\t<div class=\"elementor-column elementor-col-100 elementor-inner-column elementor-element elementor-element-7bea850\" data-id=\"7bea850\" data-element_type=\"column\" data-e-type=\"column\">\n\t\t\t<div class=\"elementor-widget-wrap elementor-element-populated\">\n\t\t\t\t\t\t<div class=\"elementor-element elementor-element-0630529 elementor-widget elementor-widget-text-editor\" data-id=\"0630529\" data-element_type=\"widget\" data-e-type=\"widget\" data-widget_type=\"text-editor.default\">\n\t\t\t\t<div class=\"elementor-widget-container\">\n\t\t\t\t\t\t\t\t\t<p>En cumplimiento del art\u00edculo 10 de la Ley 34\/2002, de 11 de julio, de Servicios de la Sociedad de la Informaci\u00f3n y Comercio Electr\u00f3nico (LSSICE) a continuaci\u00f3n se detallan los datos identificativos de la empresa:<br \/><br \/><\/p><p>Nombre empresa: DR. RICHARD FAKIN CLINIC MADRID S.L.P<br \/>Raz\u00f3n social: DR. RICHARD FAKIN CLINIC MADRID S.L.P<br \/>CIF: B8073820<br \/>Direcci\u00f3n:\u00a0C\/ Vel\u00e1zquez 109, 1\u00ba Izq.\u00a028006 Madrid<br \/>Tel\u00e9fono:\u00a0 \u00a0910567933 \/ 679858639 \u00a0<br \/>Email:\u00a0<a href=\"mailto:madrid@oceanclinic.com\">madrid@oceanclinic.net<\/a><\/p><h3>FINALIDAD DE LA P\u00c1GINA WEB<\/h3><p>Procurarle la informaci\u00f3n y\/o la asistencia que solicite y precise en SERVICIOS DE CIRUG\u00cdA PL\u00c1STICA Y EST\u00c9TICA Y MEDICINA EST\u00c9TICA.<\/p><p>El presente aviso legal (en adelante, el \u00abAviso Legal\u00bb) regula el uso del sitio web:<a href=\"https:\/\/drrichardfakin.com\/de\/\">\u00a0https:\/\/drrichardfakin.com\/<\/a><\/p><p>\u00a0<\/p><h3>LEGISLACI\u00d3N<\/h3><p>Con car\u00e1cter general las relaciones entre\u00a0B8073820\u00a0(DR. RICHARD FAKIN CLINIC MADRID S.L.P) con los Usuarios de sus servicios telem\u00e1ticos, presentes en este sitio web, se encuentran sometidas a la legislaci\u00f3n y jurisdicci\u00f3n espa\u00f1olas.<\/p><h3>USO Y ACCESO DE USUARIOS<\/h3><p>El Usuario queda informado, y acepta, que el acceso a la presente web no supone, en modo alguno, el inicio de una relaci\u00f3n comercial con\u00a0DR. RICHARD FAKIN CLINIC MADRID S.L.P\u00a0. (OCEAN CLINIC MADRID S.L.P) o cualquiera de sus delegaciones.<\/p><p>\u00a0<\/p><h3>PROPIEDAD INTELECTUAL E INDUSTRIAL<\/h3><p>Los derechos de propiedad intelectual del contenido de las p\u00e1ginas web, su dise\u00f1o gr\u00e1fico y c\u00f3digos son titularidad de\u00a0DR. RICHARD FAKIN CLINIC MADRID S.L.P\u00a0. (DR. RICHARD FAKIN CLINIC MADRID S.L.P) y, por tanto, queda prohibida su reproducci\u00f3n, distribuci\u00f3n, comunicaci\u00f3n p\u00fablica, transformaci\u00f3n o cualquier otra actividad que se pueda realizar con los contenidos de sus p\u00e1ginas web ni aun citando las fuentes, salvo consentimiento por escrito de\u00a0DR. RICHARD FAKIN CLINIC MADRID S.L.P\u00a0(DR. RICHARD FAKIN CLINIC MADRID S.L.P).<\/p><h3>CONTENIDO DE LA WEB Y ENLACES (LINKS)<\/h3><p>OCEAN CLINIC MADRID S.L.P\u00a0se reserva el derecho a actualizar, modificar o eliminar la informaci\u00f3n contenida en sus p\u00e1ginas web pudiendo incluso limitar o no permitir el acceso a dicha informaci\u00f3n a ciertos usuarios.<\/p><p>OCEAN CLINIC MADRID S.L.P. \u00a0no asume responsabilidad alguna por la informaci\u00f3n contenida en p\u00e1ginas web de terceros a las que se pueda acceder por \u00ablinks\u00bb o enlaces desde cualquier p\u00e1gina web propiedad de\u00a0OCEAN CLINIC MADRID S.L.P\u00a0. La presencia de \u00ablinks\u00bb o enlaces en las p\u00e1ginas web de\u00a0OCEAN CLINIC MADRID S.L.P\u00a0tiene finalidad meramente informativa y en ning\u00fan caso supone sugerencia, invitaci\u00f3n o recomendaci\u00f3n sobre los mismos.<\/p>\t\t\t\t\t\t\t\t<\/div>\n\t\t\t\t<\/div>\n\t\t\t\t\t<\/div>\n\t\t<\/div>\n\t\t\t\t\t<\/div>\n\t\t<\/section>\n\t\t\t\t\t<\/div>\n\t\t<\/div>\n\t\t\t\t\t<\/div>\n\t\t<\/section>\n\t\t\t\t<\/div>","protected":false},"excerpt":{"rendered":"<p>Aviso legal En cumplimiento del art\u00edculo 10 de la Ley 34\/2002, de 11 de julio, de Servicios de la Sociedad de la [&hellip;]<\/p>\n","protected":false},"author":5,"featured_media":0,"parent":0,"menu_order":0,"comment_status":"closed","ping_status":"closed","template":"","meta":{"footnotes":""},"wf_page_folders":[],"class_list":["post-5110","page","type-page","status-publish","hentry"],"aioseo_notices":[],"_links":{"self":[{"href":"https:\/\/drrichardfakin.com\/de\/wp-json\/wp\/v2\/pages\/5110","targetHints":{"allow":["GET"]}}],"collection":[{"href":"https:\/\/drrichardfakin.com\/de\/wp-json\/wp\/v2\/pages"}],"about":[{"href":"https:\/\/drrichardfakin.com\/de\/wp-json\/wp\/v2\/types\/page"}],"author":[{"embeddable":true,"href":"https:\/\/drrichardfakin.com\/de\/wp-json\/wp\/v2\/users\/5"}],"replies":[{"embeddable":true,"href":"https:\/\/drrichardfakin.com\/de\/wp-json\/wp\/v2\/comments?post=5110"}],"version-history":[{"count":10,"href":"https:\/\/drrichardfakin.com\/de\/wp-json\/wp\/v2\/pages\/5110\/revisions"}],"predecessor-version":[{"id":14507,"href":"https:\/\/drrichardfakin.com\/de\/wp-json\/wp\/v2\/pages\/5110\/revisions\/14507"}],"wp:attachment":[{"href":"https:\/\/drrichardfakin.com\/de\/wp-json\/wp\/v2\/media?parent=5110"}],"wp:term":[{"taxonomy":"wf_page_folders","embeddable":true,"href":"https:\/\/drrichardfakin.com\/de\/wp-json\/wp\/v2\/wf_page_folders?post=5110"}],"curies":[{"name":"wp","href":"https:\/\/api.w.org\/{rel}","templated":true}]}}