{"id":5112,"date":"2023-05-09T16:58:04","date_gmt":"2023-05-09T16:58:04","guid":{"rendered":"https:\/\/drrichardfakin.com\/?page_id=5112"},"modified":"2026-04-06T10:04:45","modified_gmt":"2026-04-06T10:04:45","slug":"politica-de-cookies","status":"publish","type":"page","link":"https:\/\/drrichardfakin.com\/de\/politica-de-cookies\/","title":{"rendered":"Cookie-Richtlinie"},"content":{"rendered":"\t\t<div data-elementor-type=\"wp-page\" data-elementor-id=\"5112\" class=\"elementor elementor-5112\" data-elementor-post-type=\"page\">\n\t\t\t\t\t\t<section class=\"elementor-section elementor-top-section elementor-element elementor-element-ed162c8 elementor-section-boxed elementor-section-height-default elementor-section-height-default\" data-id=\"ed162c8\" data-element_type=\"section\" data-e-type=\"section\">\n\t\t\t\t\t\t<div class=\"elementor-container elementor-column-gap-default\">\n\t\t\t\t\t<div class=\"elementor-column elementor-col-100 elementor-top-column elementor-element elementor-element-36dd04e\" data-id=\"36dd04e\" data-element_type=\"column\" data-e-type=\"column\">\n\t\t\t<div class=\"elementor-widget-wrap elementor-element-populated\">\n\t\t\t\t\t\t<div class=\"elementor-element elementor-element-7509873 elementor-widget elementor-widget-heading\" data-id=\"7509873\" data-element_type=\"widget\" data-e-type=\"widget\" data-widget_type=\"heading.default\">\n\t\t\t\t<div class=\"elementor-widget-container\">\n\t\t\t\t\t<h1 class=\"elementor-heading-title elementor-size-default\">POL\u00cdTICA DE COOKIES (Dr. Richard Fakin)<\/h1>\t\t\t\t<\/div>\n\t\t\t\t<\/div>\n\t\t\t\t<div class=\"elementor-element elementor-element-cdd70d9 elementor-widget elementor-widget-text-editor\" data-id=\"cdd70d9\" data-element_type=\"widget\" data-e-type=\"widget\" data-widget_type=\"text-editor.default\">\n\t\t\t\t<div class=\"elementor-widget-container\">\n\t\t\t\t\t\t\t\t\t<p data-start=\"4884\" data-end=\"5133\"><strong data-start=\"4884\" data-end=\"4909\">\u00daltima actualizaci\u00f3n:<\/strong> [16 de diciembre de 2025]<br data-start=\"4935\" data-end=\"4938\" \/><strong data-start=\"4938\" data-end=\"4946\">Web:<\/strong> <a class=\"decorated-link\" href=\"https:\/\/drrichardfakin.com\/\" target=\"_new\" rel=\"noopener\" data-start=\"4947\" data-end=\"4974\">https:\/\/drrichardfakin.com\/<\/a><br data-start=\"4974\" data-end=\"4977\" \/><strong data-start=\"4977\" data-end=\"4993\">Responsable:<\/strong> Richard Fakin.\u00a0 Madrid, Espa\u00f1a<\/p><h3 data-start=\"5135\" data-end=\"5163\">1) \u00bfQu\u00e9 son las cookies?<\/h3><p data-start=\"5164\" data-end=\"5373\">Las cookies son peque\u00f1os archivos que se guardan en tu dispositivo al visitar una web. Tambi\u00e9n pueden usarse tecnolog\u00edas similares (p\u00edxeles, SDK, almacenamiento local). En esta pol\u00edtica las llamamos \u201ccookies\u201d.<\/p><h3 data-start=\"5375\" data-end=\"5407\">2) \u00bfPara qu\u00e9 usamos cookies?<\/h3><p data-start=\"5408\" data-end=\"5428\">Usamos cookies para:<\/p><ul data-start=\"5429\" data-end=\"5698\"><li data-start=\"5429\" data-end=\"5505\"><p data-start=\"5431\" data-end=\"5505\">Que la web funcione correctamente (seguridad, equilibrio de carga, sesi\u00f3n)<\/p><\/li><li data-start=\"5506\" data-end=\"5563\"><p data-start=\"5508\" data-end=\"5563\">Recordar tus preferencias (idioma, elecci\u00f3n de cookies)<\/p><\/li><li data-start=\"5564\" data-end=\"5603\"><p data-start=\"5566\" data-end=\"5603\">Analizar el uso de la web (anal\u00edtica)<\/p><\/li><li data-start=\"5604\" data-end=\"5698\"><p data-start=\"5606\" data-end=\"5698\">Medir campa\u00f1as y mostrar contenido\/anuncios relevantes (solo si lo permites, cuando aplique)<\/p><\/li><\/ul><h3 data-start=\"5700\" data-end=\"5738\">3) Tipos de cookies que utilizamos<\/h3><p data-start=\"5739\" data-end=\"5845\"><strong data-start=\"5739\" data-end=\"5793\">A. Cookies t\u00e9cnicas o necesarias (siempre activas)<\/strong><br data-start=\"5793\" data-end=\"5796\" \/>Imprescindibles para el funcionamiento de la web.<\/p><p data-start=\"5847\" data-end=\"5922\"><strong data-start=\"5847\" data-end=\"5877\">B. Cookies de preferencias<\/strong><br data-start=\"5877\" data-end=\"5880\" \/>Recuerdan elecciones como idioma o regi\u00f3n.<\/p><p data-start=\"5924\" data-end=\"6132\"><strong data-start=\"5924\" data-end=\"5965\">C. Cookies de anal\u00edtica o rendimiento<\/strong><br data-start=\"5965\" data-end=\"5968\" \/>Nos ayudan a entender el uso de la web y mejorarla. En la UE\/EEE, se instalan tras el consentimiento cuando son no esenciales. <span class=\"\" data-state=\"closed\"><span class=\"ms-1 inline-flex max-w-full items-center relative top-[-0.094rem] animate-[show_150ms_ease-in]\" data-testid=\"webpage-citation-pill\"><a class=\"flex h-4.5 overflow-hidden rounded-xl px-2 text-[9px] font-medium transition-colors duration-150 ease-in-out text-token-text-secondary! bg-[#F4F4F4]! dark:bg-[#303030]!\" href=\"https:\/\/gdpr.eu\/cookies\/?utm_source=chatgpt.com\" target=\"_blank\" rel=\"noopener\"><span class=\"relative start-0 bottom-0 flex h-full w-full items-center\"><span class=\"flex h-4 w-full items-center justify-between\"><span class=\"max-w-[15ch] grow truncate overflow-hidden text-center\">gdpr.eu<\/span><span class=\"-me-1 flex h-full items-center rounded-full px-1 text-[#8F8F8F]\">+1<\/span><\/span><\/span><\/a><\/span><\/span><\/p><p data-start=\"6134\" data-end=\"6333\"><strong data-start=\"6134\" data-end=\"6172\">D. Cookies de publicidad\/marketing<\/strong><br data-start=\"6172\" data-end=\"6175\" \/>Sirven para medir campa\u00f1as y, si se activan, personalizar publicidad. En la UE\/EEE se instalan solo tras consentimiento. <span class=\"\" data-state=\"closed\"><span class=\"ms-1 inline-flex max-w-full items-center relative top-[-0.094rem] animate-[show_150ms_ease-in]\" data-testid=\"webpage-citation-pill\"><a class=\"flex h-4.5 overflow-hidden rounded-xl px-2 text-[9px] font-medium transition-colors duration-150 ease-in-out text-token-text-secondary! bg-[#F4F4F4]! dark:bg-[#303030]!\" href=\"https:\/\/gdpr.eu\/cookies\/?utm_source=chatgpt.com\" target=\"_blank\" rel=\"noopener\"><span class=\"relative start-0 bottom-0 flex h-full w-full items-center\"><span class=\"flex h-4 w-full items-center justify-between\"><span class=\"max-w-[15ch] grow truncate overflow-hidden text-center\">gdpr.eu<\/span><span class=\"-me-1 flex h-full items-center rounded-full px-1 text-[#8F8F8F]\">+1<\/span><\/span><\/span><\/a><\/span><\/span><\/p><p data-start=\"6335\" data-end=\"6503\"><strong data-start=\"6335\" data-end=\"6384\">E. Cookies de terceros por contenido embebido<\/strong><br data-start=\"6384\" data-end=\"6387\" \/>Por ejemplo, v\u00eddeos o mapas integrados. Pueden implicar seguimiento por parte del proveedor, seg\u00fan su configuraci\u00f3n.<\/p><h3 data-start=\"6505\" data-end=\"6563\">4) Base jur\u00eddica (visitantes UE\/EEE\/Reino Unido\/Suiza)<\/h3><ul data-start=\"6564\" data-end=\"7160\"><li data-start=\"6564\" data-end=\"6654\"><p data-start=\"6566\" data-end=\"6654\"><strong data-start=\"6566\" data-end=\"6589\">Cookies necesarias:<\/strong> inter\u00e9s leg\u00edtimo en prestar el servicio y mantener la seguridad.<\/p><\/li><li data-start=\"6655\" data-end=\"7160\"><p data-start=\"6657\" data-end=\"7160\"><strong data-start=\"6657\" data-end=\"6678\">Resto de cookies:<\/strong> <strong data-start=\"6679\" data-end=\"6697\">consentimiento<\/strong>, que puedes retirar en cualquier momento desde la configuraci\u00f3n de cookies. En la UE, las cookies no esenciales no deben instalarse antes de un consentimiento v\u00e1lido. <span class=\"\" data-state=\"closed\"><span class=\"ms-1 inline-flex max-w-full items-center relative top-[-0.094rem] animate-[show_150ms_ease-in]\" data-testid=\"webpage-citation-pill\"><a class=\"flex h-4.5 overflow-hidden rounded-xl px-2 text-[9px] font-medium transition-colors duration-150 ease-in-out text-token-text-secondary! bg-[#F4F4F4]! dark:bg-[#303030]!\" href=\"https:\/\/gdpr.eu\/cookies\/?utm_source=chatgpt.com\" target=\"_blank\" rel=\"noopener\"><span class=\"relative start-0 bottom-0 flex h-full w-full items-center\"><span class=\"flex h-4 w-full items-center justify-between\"><span class=\"max-w-[15ch] grow truncate overflow-hidden text-center\">gdpr.eu<\/span><span class=\"-me-1 flex h-full items-center rounded-full px-1 text-[#8F8F8F]\">+1<\/span><\/span><\/span><\/a><\/span><\/span><br data-start=\"6902\" data-end=\"6905\" \/>En Espa\u00f1a, la gu\u00eda de la AEPD y su aplicaci\u00f3n pr\u00e1ctica exigen un mecanismo claro, con opci\u00f3n de <strong data-start=\"7001\" data-end=\"7013\">rechazar<\/strong> en la primera capa del banner y pr\u00e1cticas de renovaci\u00f3n del consentimiento (habitualmente hasta 24 meses). <span class=\"\" data-state=\"closed\"><span class=\"ms-1 inline-flex max-w-full items-center relative top-[-0.094rem] animate-[show_150ms_ease-in]\" data-testid=\"webpage-citation-pill\"><a class=\"flex h-4.5 overflow-hidden rounded-xl px-2 text-[9px] font-medium transition-colors duration-150 ease-in-out text-token-text-secondary! bg-[#F4F4F4]! dark:bg-[#303030]!\" href=\"https:\/\/www.aepd.es\/guias\/guia-cookies.pdf?utm_source=chatgpt.com\" target=\"_blank\" rel=\"noopener\"><span class=\"relative start-0 bottom-0 flex h-full w-full items-center\"><span class=\"flex h-4 w-full items-center justify-between\"><span class=\"max-w-[15ch] grow truncate overflow-hidden text-center\">AEPD<\/span><span class=\"-me-1 flex h-full items-center rounded-full px-1 text-[#8F8F8F]\">+2<\/span><\/span><span class=\"flex h-4 w-full items-center justify-between absolute\"><span class=\"max-w-[15ch] grow truncate overflow-hidden text-center\">Passle<\/span><span class=\"-me-1 flex h-full items-center rounded-full px-1 text-[#8F8F8F]\">+2<\/span><\/span><\/span><\/a><\/span><\/span><\/p><\/li><\/ul><h3 data-start=\"7162\" data-end=\"7209\">5) C\u00f3mo cambiar o retirar tu consentimiento<\/h3><p data-start=\"7210\" data-end=\"7249\">Puedes gestionar cookies de dos formas:<\/p><ol data-start=\"7250\" data-end=\"7482\"><li data-start=\"7250\" data-end=\"7358\"><p data-start=\"7253\" data-end=\"7358\"><strong data-start=\"7253\" data-end=\"7288\">Banner\/Configuraci\u00f3n de cookies<\/strong> en la web.<\/p><\/li><li data-start=\"7359\" data-end=\"7482\"><p data-start=\"7362\" data-end=\"7482\"><strong data-start=\"7362\" data-end=\"7376\">Navegador:<\/strong> puedes bloquear o borrar cookies. Si bloqueas cookies necesarias, algunas funciones podr\u00edan no funcionar.<\/p><\/li><\/ol><h3 data-start=\"7484\" data-end=\"7509\">6) Listado de cookies<\/h3><p data-start=\"7510\" data-end=\"7687\">A continuaci\u00f3n se muestra el listado de cookies. Si usamos un gestor de consentimiento (CMP), esta tabla puede actualizarse autom\u00e1ticamente en funci\u00f3n de las cookies detectadas.<\/p><table><tbody><tr><td><strong>Nombre<\/strong><\/td><td><strong>Origen<\/strong><\/td><td><strong>Funci\u00f3n de la cookie<\/strong><\/td><\/tr><tr><td>-utma<\/td><td>Google Analytics<\/td><td>Habilitan la funci\u00f3n de control de visitas \u00fanicas. La primera vez que un usuario entre en el sitio Web de El propietario del sitio web. A trav\u00e9s de un navegador se instalar\u00e1 esta cookie. Cuando este usuario vuelva a entrar en nuestra p\u00e1gina con el mismo navegador, la cookie considerar\u00e1 que es el mismo usuario. Solo en el caso de que el usuario cambie de navegador, Google Analytics lo considerar\u00e1 otro usuario.<\/td><\/tr><tr><td><p>-utmb<\/p><p>-utmc<\/p><\/td><td>Google Analytics<\/td><td>Habilitan la funci\u00f3n de c\u00e1lculo del tiempo de sesi\u00f3n. La primera (utmb) registra la hora de entrada en la p\u00e1gina y la segunda (utmc) comprueba si se debe mantener la sesi\u00f3n abierta o se debe crear una sesi\u00f3n nueva. La cookie utmb caduca a los 30 minutos desde el \u00faltimo registro de p\u00e1gina vista mientras que la utmc es una variable de sesi\u00f3n, por lo que se elimina autom\u00e1ticamente al cambiar de web o al cerrar el navegador.<\/td><\/tr><tr><td>-utmz<\/td><td>Google Analytics<\/td><td>Habilitan la funci\u00f3n de registro de la procedencia del usuario. Los datos registrados ser\u00e1n, entre otros, si el usuario llega a nuestro sitio Web por tr\u00e1fico directo, desde otra web, desde una campa\u00f1a publicitaria o desde un buscador (indicando la palabra clave utilizada y la fuente)<\/td><\/tr><tr><td>PHPSESSID<\/td><td>Propia del sitio web<\/td><td>Habilita la funci\u00f3n de control de idioma, detectando asi el pais de origen del visitante y mandandolo al idioma correcto.<\/td><\/tr><\/tbody><\/table><h3 data-start=\"7818\" data-end=\"7866\">7) Terceros y transferencias internacionales<\/h3><p data-start=\"7867\" data-end=\"8133\">Algunas cookies son de terceros (anal\u00edtica, v\u00eddeo, redes sociales). Es posible que traten datos fuera del EEE. Cuando procede, aplicamos salvaguardas (p. ej., Cl\u00e1usulas Contractuales Tipo) o decisiones de adecuaci\u00f3n, y configuramos herramientas para minimizar datos.<\/p><h3 data-start=\"8135\" data-end=\"8180\">8) Avisos para EE. UU. (incl. California)<\/h3><p data-start=\"8181\" data-end=\"8244\">Si resides en EE. UU., seg\u00fan tu estado, puedes tener derecho a:<\/p><ul data-start=\"8245\" data-end=\"8609\"><li data-start=\"8245\" data-end=\"8609\"><p data-start=\"8247\" data-end=\"8609\"><strong data-start=\"8247\" data-end=\"8269\">Oponerte (opt-out)<\/strong> al uso para <strong data-start=\"8282\" data-end=\"8305\">publicidad dirigida<\/strong> y, en California, a la <strong data-start=\"8329\" data-end=\"8368\">venta o compartici\u00f3n (\u201csale\/share\u201d)<\/strong> de informaci\u00f3n personal para publicidad conductual entre contextos. <span class=\"\" data-state=\"closed\"><span class=\"ms-1 inline-flex max-w-full items-center relative top-[-0.094rem] animate-[show_150ms_ease-in]\" data-testid=\"webpage-citation-pill\"><a class=\"flex h-4.5 overflow-hidden rounded-xl px-2 text-[9px] font-medium transition-colors duration-150 ease-in-out text-token-text-secondary! bg-[#F4F4F4]! dark:bg-[#303030]!\" href=\"https:\/\/www.caprivacy.org\/cpra-text\/?utm_source=chatgpt.com\" target=\"_blank\" rel=\"noopener\"><span class=\"relative start-0 bottom-0 flex h-full w-full items-center\"><span class=\"flex h-4 w-full items-center justify-between\"><span class=\"max-w-[15ch] grow truncate overflow-hidden text-center\">Yes on Prop 24<\/span><span class=\"-me-1 flex h-full items-center rounded-full px-1 text-[#8F8F8F]\">+1<\/span><\/span><\/span><\/a><\/span><\/span><br data-start=\"8476\" data-end=\"8479\" \/>Cuando aplique, habilitamos un enlace <strong data-start=\"8517\" data-end=\"8567\">\u201cDo Not Sell or Share My Personal Information\u201d<\/strong> o un mecanismo equivalente.<\/p><\/li><\/ul><p data-start=\"8611\" data-end=\"8842\"><strong data-start=\"8611\" data-end=\"8654\">GPC (Global Privacy Controlil Control):<\/strong> si tu navegador env\u00eda una se\u00f1al de opt-out reconocida (como GPC), podemos respetarla cuando la normativa lo requiera (p. ej., California\/Colorado). <span class=\"\" data-state=\"closed\"><span class=\"ms-1 inline-flex max-w-full items-center relative top-[-0.094rem] animate-[show_150ms_ease-in]\" data-testid=\"webpage-citation-pill\"><a class=\"flex h-4.5 overflow-hidden rounded-xl px-2 text-[9px] font-medium transition-colors duration-150 ease-in-out text-token-text-secondary! bg-[#F4F4F4]! dark:bg-[#303030]!\" href=\"https:\/\/www.ketch.com\/regulatory-compliance\/colorado-privacy-act-cpa?utm_source=chatgpt.com\" target=\"_blank\" rel=\"noopener\"><span class=\"relative start-0 bottom-0 flex h-full w-full items-center\"><span class=\"flex h-4 w-full items-center justify-between\"><span class=\"max-w-[15ch] grow truncate overflow-hidden text-center\">ketch.com<\/span><span class=\"-me-1 flex h-full items-center rounded-full px-1 text-[#8F8F8F]\">+1<\/span><\/span><\/span><\/a><\/span><\/span><\/p><h3 data-start=\"8844\" data-end=\"8873\">9) Cambios en la pol\u00edtica<\/h3><p data-start=\"8874\" data-end=\"9020\">Podemos actualizar esta pol\u00edtica para reflejar cambios en cookies o en la normativa. La fecha de \u201c\u00daltima actualizaci\u00f3n\u201d indica la \u00faltima revisi\u00f3n.<\/p>\t\t\t\t\t\t\t\t<\/div>\n\t\t\t\t<\/div>\n\t\t\t\t\t<\/div>\n\t\t<\/div>\n\t\t\t\t\t<\/div>\n\t\t<\/section>\n\t\t\t\t<\/div>\n\t\t","protected":false},"excerpt":{"rendered":"<p>POL\u00cdTICA DE COOKIES (Dr. Richard Fakin) \u00daltima actualizaci\u00f3n: [16 de diciembre de 2025]Web: https:\/\/drrichardfakin.com\/Responsable: Richard Fakin.\u00a0 Madrid, Espa\u00f1a 1) \u00bfQu\u00e9 son las [&hellip;]<\/p>\n","protected":false},"author":5,"featured_media":0,"parent":0,"menu_order":0,"comment_status":"closed","ping_status":"closed","template":"","meta":{"footnotes":""},"wf_page_folders":[],"class_list":["post-5112","page","type-page","status-publish","hentry"],"aioseo_notices":[],"_links":{"self":[{"href":"https:\/\/drrichardfakin.com\/de\/wp-json\/wp\/v2\/pages\/5112","targetHints":{"allow":["GET"]}}],"collection":[{"href":"https:\/\/drrichardfakin.com\/de\/wp-json\/wp\/v2\/pages"}],"about":[{"href":"https:\/\/drrichardfakin.com\/de\/wp-json\/wp\/v2\/types\/page"}],"author":[{"embeddable":true,"href":"https:\/\/drrichardfakin.com\/de\/wp-json\/wp\/v2\/users\/5"}],"replies":[{"embeddable":true,"href":"https:\/\/drrichardfakin.com\/de\/wp-json\/wp\/v2\/comments?post=5112"}],"version-history":[{"count":29,"href":"https:\/\/drrichardfakin.com\/de\/wp-json\/wp\/v2\/pages\/5112\/revisions"}],"predecessor-version":[{"id":14677,"href":"https:\/\/drrichardfakin.com\/de\/wp-json\/wp\/v2\/pages\/5112\/revisions\/14677"}],"wp:attachment":[{"href":"https:\/\/drrichardfakin.com\/de\/wp-json\/wp\/v2\/media?parent=5112"}],"wp:term":[{"taxonomy":"wf_page_folders","embeddable":true,"href":"https:\/\/drrichardfakin.com\/de\/wp-json\/wp\/v2\/wf_page_folders?post=5112"}],"curies":[{"name":"wp","href":"https:\/\/api.w.org\/{rel}","templated":true}]}}