{"id":5113,"date":"2023-05-09T16:57:53","date_gmt":"2023-05-09T16:57:53","guid":{"rendered":"https:\/\/drrichardfakin.com\/?page_id=5113"},"modified":"2026-04-08T14:55:45","modified_gmt":"2026-04-08T14:55:45","slug":"datenschutzbestimmungen","status":"publish","type":"page","link":"https:\/\/drrichardfakin.com\/de\/politica-de-privacidad\/","title":{"rendered":"Datenschutzrichtlinie"},"content":{"rendered":"<div data-elementor-type=\"wp-page\" data-elementor-id=\"5113\" class=\"elementor elementor-5113\" data-elementor-post-type=\"page\">\n\t\t\t\t\t\t<section class=\"elementor-section elementor-top-section elementor-element elementor-element-6236658 elementor-section-boxed elementor-section-height-default elementor-section-height-default\" data-id=\"6236658\" data-element_type=\"section\" data-e-type=\"section\">\n\t\t\t\t\t\t<div class=\"elementor-container elementor-column-gap-default\">\n\t\t\t\t\t<div class=\"elementor-column elementor-col-100 elementor-top-column elementor-element elementor-element-37b9996\" data-id=\"37b9996\" data-element_type=\"column\" data-e-type=\"column\">\n\t\t\t<div class=\"elementor-widget-wrap elementor-element-populated\">\n\t\t\t\t\t\t<section class=\"elementor-section elementor-inner-section elementor-element elementor-element-73c2dd3 elementor-section-boxed elementor-section-height-default elementor-section-height-default\" data-id=\"73c2dd3\" data-element_type=\"section\" data-e-type=\"section\">\n\t\t\t\t\t\t<div class=\"elementor-container elementor-column-gap-default\">\n\t\t\t\t\t<div class=\"elementor-column elementor-col-100 elementor-inner-column elementor-element elementor-element-b851e4f\" data-id=\"b851e4f\" data-element_type=\"column\" data-e-type=\"column\">\n\t\t\t<div class=\"elementor-widget-wrap elementor-element-populated\">\n\t\t\t\t\t\t<div class=\"elementor-element elementor-element-8409f44 elementor-widget elementor-widget-heading\" data-id=\"8409f44\" data-element_type=\"widget\" data-e-type=\"widget\" data-widget_type=\"heading.default\">\n\t\t\t\t<div class=\"elementor-widget-container\">\n\t\t\t\t\t<h1 class=\"elementor-heading-title elementor-size-default\">Datenschutzbestimmungen<\/h1>\t\t\t\t<\/div>\n\t\t\t\t<\/div>\n\t\t\t\t<div class=\"elementor-element elementor-element-098f32f elementor-widget elementor-widget-text-editor\" data-id=\"098f32f\" data-element_type=\"widget\" data-e-type=\"widget\" data-widget_type=\"text-editor.default\">\n\t\t\t\t<div class=\"elementor-widget-container\">\n\t\t\t\t\t\t\t\t\t<p>Der Zugang zu und die Nutzung der Website setzt die Kenntnis und die Annahme der folgenden Datenschutzpolitik voraus.<\/p><h3 class=\"wp-block-heading\">1. R<strong>Datenkontrolleur<\/strong><\/h3><p>In \u00dcbereinstimmung mit der Verordnung (EU) 2016\/679 des Europ\u00e4ischen Parlaments und des Rates vom 27. April 2016 zum Schutz nat\u00fcrlicher Personen bei der Verarbeitung personenbezogener Daten und zum freien Datenverkehr (im Folgenden \u201cDSGVO\u201d) und dem Organgesetz 3\/2018 vom 5. Dezember \u00fcber den Schutz personenbezogener Daten und die Gew\u00e4hrleistung digitaler Rechte informieren wir Sie hiermit, dass DR. RICHARD FAKIN CLINIC MADRID S.L.P, ein Unternehmen mit Sitz in C\/ Vel\u00e1zquez 109, 1\u00ba Izq. 28006, Madrid, mit der Steueridentifikationsnummer B8073820 und der Telefonnummer 34-910567933-34-679858639 (im Folgenden DR. RICHARD FAKIN CLINIC MADRID S.L.P \u201d oder das \u201cUnternehmen\u201d) f\u00fcr die Verarbeitung Ihrer personenbezogenen Daten verantwortlich ist.<\/p><p>Diese Datenschutzrichtlinie informiert Sie dar\u00fcber, wie das Unternehmen Ihre pers\u00f6nlichen Daten als Nutzer der Website (die \u201cWebsite\u201d) verwendet.<\/p><h3 class=\"wp-block-heading\">2.\u00a0<strong>Erforderliche Informationen und Zweck der Verarbeitung<\/strong><\/h3><p>Die pers\u00f6nlichen Daten, die von DR. RICHARD FAKIN CLINIC MADRID S.L.P. zu erfassenden personenbezogenen Daten m\u00fcssen in jedem Fall dem Umfang und den spezifischen und rechtm\u00e4\u00dfigen Zwecken, f\u00fcr die sie erhoben werden, angemessen, relevant und nicht \u00fcbertrieben sein. Werden diese Daten nicht vom Nutzer zur Verf\u00fcgung gestellt, kann DR. RICHARD FAKIN CLINIC MADRID S.L.P. nicht garantieren, dass sie in der Lage sein wird, Ihre Anfrage zu bearbeiten oder dass die angebotenen Informationen und Dienstleistungen Ihren Bed\u00fcrfnissen entsprechen.<\/p><p>Die zur Verf\u00fcgung gestellten personenbezogenen Daten sowie alle anderen Daten, die im Laufe der Gesch\u00e4ftsbeziehung zur Verf\u00fcgung gestellt werden k\u00f6nnen, werden in ein Register der Verarbeitungst\u00e4tigkeiten aufgenommen, f\u00fcr die DR. RICHARD FAKIN CLINIC MADRID S.L.P f\u00fcr die folgenden Zwecke verwendet:<\/p><ul><li>Zur Durchf\u00fchrung dieser Gesch\u00e4ftsbeziehung, zur Verwaltung der T\u00e4tigkeit selbst, zur Aufrechterhaltung, Entwicklung und Kontrolle der eventuellen Vertragsbeziehung und\/oder zur Verwaltung der vom Nutzer angeforderten Dienstleistung (Informationen, Kostenvoranschlag, Terminvereinbarung usw.). Zu diesem Zweck ist die Rechtsgrundlage f\u00fcr die Verarbeitung Ihrer Daten wie folgt\u00a0<strong>Abschluss des Vertrags \u00fcber die Erbringung von Dienstleistungen in Bezug auf<\/strong>.<br \/><br \/><\/li><li>Zusendung von informativen Inhalten, die f\u00fcr den Nutzer von Interesse sind. F\u00fcr jegliche kommerzielle Kommunikation (Angebote, Promotionen, allgemeine Informationen usw.) muss DR. RICHARD FAKIN CLINIC MADRID S.L.P. Ihre ausdr\u00fcckliche Zustimmung einholen, so dass die Rechtsgrundlage f\u00fcr die Legitimierung die Zustimmung ist.<br \/><br \/><\/li><\/ul><p>Der Benutzer ist f\u00fcr die Richtigkeit und Aktualisierung der angegebenen Daten verantwortlich, DR. RICHARD FAKIN CLINIC MADRID S.L.P. verarbeitet nur die Daten, die von den Inhabern oder gesetzlichen Vertretern zur Verf\u00fcgung gestellt werden. Wenn der Nutzer personenbezogene Daten von Dritten zur Verf\u00fcgung stellt, muss er diese zuvor \u00fcber den Inhalt der f\u00fcr den Dritten geltenden Datenschutzklausel informieren und, falls erforderlich, deren ausdr\u00fcckliche Zustimmung einholen. DR. RICHARD FAKIN CLINIC MADRID S.L.P. lehnt jede Haftung f\u00fcr die Nichteinhaltung dieser Anforderung ab.<br \/>Im Falle einer \u00c4nderung der Daten, w\u00fcrde DR. RICHARD FAKIN CLINIC MADRID S.L.P. es begr\u00fc\u00dfen, wenn der Nutzer uns dar\u00fcber informiert, damit die Daten aktualisiert werden k\u00f6nnen.<\/p><h3 class=\"wp-block-heading\">3. <strong>Dauer der Aufbewahrung Ihrer Daten<\/strong><\/h3><ol><li>RICHARD FAKIN CLINIC MADRID S.L.P. bewahrt Ihre personenbezogenen Daten so lange auf, wie es f\u00fcr den Zweck, f\u00fcr den sie verarbeitet werden, erforderlich ist, vorausgesetzt, Sie haben nicht um ihre L\u00f6schung gebeten und sie sollen nicht gel\u00f6scht werden, weil sie noch f\u00fcr DR. RICHARD FAKIN CLINIC MADRID S.L.P.<br \/>DR. RICHARD FAKIN CLINIC MADRID S.L.P. wird die in ihrem Besitz befindlichen Daten aktiv und regelm\u00e4\u00dfig \u00fcberpr\u00fcfen und sie sicher l\u00f6schen, wenn es keine rechtliche, kommerzielle oder kundenbezogene Notwendigkeit mehr gibt, sie aufzubewahren.<\/li><\/ol><p>In F\u00e4llen, in denen Sie Ihre zuvor erteilte Zustimmung zu irgendeiner Art von Verarbeitung widerrufen oder Ihr Recht auf L\u00f6schung Ihrer personenbezogenen Daten aus\u00fcben, beachten Sie bitte, dass wir verpflichtet sind, diese Informationen w\u00e4hrend der gesetzlich festgelegten Verj\u00e4hrungsfrist zu sperren und den Gerichten und zust\u00e4ndigen Beh\u00f6rden zur Verf\u00fcgung zu stellen, um die m\u00f6glichen Verpflichtungen von DR. RICHARD FAKIN CLINIC MADRID S.L.P., die sich aus der Verarbeitung Ihrer Daten ergeben.<\/p><h3 class=\"wp-block-heading\">4. <strong>Empf\u00e4nger Ihrer Daten<\/strong><\/h3><ol><li>RICHARD FAKIN CLINIC MADRID S.L.P. wird Ihre Daten nicht an Dritte weitergeben, es sei denn, dies ist gesetzlich vorgeschrieben und\/oder aus rein betrieblichen Gr\u00fcnden des Webdienstes.<\/li><\/ol><p>Insbesondere k\u00f6nnen Ihre Daten an dritte Dienstleister weitergegeben werden, die als Datenverarbeiter f\u00fcr DR. RICHARD FAKIN CLINIC MADRID S.L.P. fungieren (z.B. Steuer- und Buchhaltungsb\u00fcros). Diese Organisationen sind verpflichtet, das gleiche Ma\u00df an Datenschutz zu wahren wie DR. RICHARD FAKIN CLINIC MADRID S.L.P<\/p><p>Dar\u00fcber hinaus kann die DR. RICHARD FAKIN CLINIC MADRID S.L.P. personenbezogene Daten zur Erf\u00fcllung ihrer Verpflichtungen an die \u00f6ffentlichen Verwaltungen weitergeben oder \u00fcbermitteln, wenn dies in \u00dcbereinstimmung mit der jeweils geltenden Gesetzgebung erforderlich ist, und gegebenenfalls auch an andere Stellen wie die staatlichen Sicherheitskr\u00e4fte und -korps sowie die Justiz.<\/p><p>Sie werden dar\u00fcber informiert, dass Sie die M\u00f6glichkeit haben, die folgenden Rechte kostenlos wahrzunehmen:<\/p><ul><li>das Recht auf Zugang zu Ihren personenbezogenen Daten, um zu erfahren, welche personenbezogenen Daten verarbeitet werden und welche Verarbeitungen an ihnen vorgenommen werden;<\/li><li>das Recht, unzutreffende personenbezogene Daten zu berichtigen;<\/li><li>das Recht auf L\u00f6schung ihrer personenbezogenen Daten, soweit dies m\u00f6glich ist;<\/li><li>das Recht, die Einschr\u00e4nkung der Verarbeitung ihrer personenbezogenen Daten zu verlangen, wenn Zweifel an der Richtigkeit, Rechtm\u00e4\u00dfigkeit oder Notwendigkeit der Datenverarbeitung bestehen;<\/li><li>das Recht auf \u00dcbertragbarkeit Ihrer personenbezogenen Daten;<\/li><li>Recht auf Widerspruch gegen die Verarbeitung Ihrer personenbezogenen Daten.<\/li><li>das Recht, Ihre Zustimmung jederzeit zu widerrufen.<\/li><li>\u00a0<\/li><\/ul><p>Sie k\u00f6nnen Ihre Rechte jederzeit aus\u00fcben, indem Sie sich schriftlich an DR. RICHARD FAKIN CLINIC MADRID S.L.P unter der Adresse C\/ Vel\u00e1zquez 107. 1\u00ba Izq. 28006 Madrid oder per E-Mail an<a href=\"mailto:%20madrid@oceanlinic.net\">\u00a0madrid@oceanlinic.net<\/a>\u00a0in beiden F\u00e4llen mit dem Vermerk \u201cDatenschutz\u201d und unter Angabe des Rechts, das Sie aus\u00fcben m\u00f6chten, sowie Ihrer Identifikationsdaten, zusammen mit einer Kopie Ihres Personalausweises oder eines g\u00fcltigen Dokuments zum Nachweis Ihrer Identit\u00e4t (Fotokopie Ihres Reisepasses). Im Falle der Vertretung muss dies durch ein g\u00fcltiges Dokument nachgewiesen werden.<\/p><p>Wir informieren Sie auch dar\u00fcber, dass Sie das Recht haben, eine Beschwerde bei der spanischen Datenschutzbeh\u00f6rde einzureichen, insbesondere wenn Sie der Meinung sind, dass Sie bei der Aus\u00fcbung Ihrer Rechte \u00fcber die Website keine zufriedenstellende L\u00f6sung erhalten haben.\u00a0<a href=\"http:\/\/www.agpd.es\/\">www.agpd.es<\/a>.<\/p><h3 class=\"wp-block-heading\">5. <strong>Sicherheitsma\u00dfnahmen<\/strong><\/h3><p>DR. RICHARD FAKIN CLINIC MADRID S.L.P. ergreift die erforderlichen technischen und organisatorischen Ma\u00dfnahmen, um die Sicherheit der personenbezogenen Daten zu gew\u00e4hrleisten und ihre Ver\u00e4nderung, ihren Verlust, ihre unbefugte Verarbeitung oder ihren Zugriff zu verhindern, wobei der Stand der Technik, die Art der gespeicherten Daten und die Risiken, denen sie ausgesetzt sind, ber\u00fccksichtigt werden. Personenbezogene Daten d\u00fcrfen nicht in Dateien gespeichert werden, die die in den Vorschriften zum Schutz personenbezogener Daten festgelegten Bedingungen nicht erf\u00fcllen.<\/p><h3 class=\"wp-block-heading\">6. <strong>\u00c4nderung der Datenschutzpolitik<\/strong><\/h3><p>Die RICHARD FAKIN CLINIC MADRID S.L.P. kann ihre Datenschutzpolitik jederzeit in \u00dcbereinstimmung mit der geltenden Gesetzgebung \u00e4ndern. In jedem Fall werden wir Sie \u00fcber jede \u00c4nderung der Datenschutzrichtlinie informieren, die sich auf Ihre Privatsph\u00e4re und den Schutz Ihrer Daten auswirkt, und Ihnen die M\u00f6glichkeit geben, Ihre Zustimmung erneut zu erteilen, falls die geltenden Vorschriften dies erfordern.<\/p><p>Sie k\u00f6nnen sich per E-Mail an madrid@oceanclinic.net wenden, wenn Sie Fragen oder W\u00fcnsche in Bezug auf den Schutz Ihrer Daten haben.<\/p>\t\t\t\t\t\t\t\t<\/div>\n\t\t\t\t<\/div>\n\t\t\t\t\t<\/div>\n\t\t<\/div>\n\t\t\t\t\t<\/div>\n\t\t<\/section>\n\t\t\t\t\t<\/div>\n\t\t<\/div>\n\t\t\t\t\t<\/div>\n\t\t<\/section>\n\t\t\t\t<\/div>","protected":false},"excerpt":{"rendered":"<p>Pol\u00edtica de Privacidad El acceso y uso del Sitio Web, supone conocer y aceptar la siguiente Pol\u00edtica de Protecci\u00f3n de Datos de [&hellip;]<\/p>\n","protected":false},"author":5,"featured_media":0,"parent":0,"menu_order":0,"comment_status":"closed","ping_status":"closed","template":"","meta":{"footnotes":""},"wf_page_folders":[],"class_list":["post-5113","page","type-page","status-publish","hentry"],"aioseo_notices":[],"_links":{"self":[{"href":"https:\/\/drrichardfakin.com\/de\/wp-json\/wp\/v2\/pages\/5113","targetHints":{"allow":["GET"]}}],"collection":[{"href":"https:\/\/drrichardfakin.com\/de\/wp-json\/wp\/v2\/pages"}],"about":[{"href":"https:\/\/drrichardfakin.com\/de\/wp-json\/wp\/v2\/types\/page"}],"author":[{"embeddable":true,"href":"https:\/\/drrichardfakin.com\/de\/wp-json\/wp\/v2\/users\/5"}],"replies":[{"embeddable":true,"href":"https:\/\/drrichardfakin.com\/de\/wp-json\/wp\/v2\/comments?post=5113"}],"version-history":[{"count":17,"href":"https:\/\/drrichardfakin.com\/de\/wp-json\/wp\/v2\/pages\/5113\/revisions"}],"predecessor-version":[{"id":25587,"href":"https:\/\/drrichardfakin.com\/de\/wp-json\/wp\/v2\/pages\/5113\/revisions\/25587"}],"wp:attachment":[{"href":"https:\/\/drrichardfakin.com\/de\/wp-json\/wp\/v2\/media?parent=5113"}],"wp:term":[{"taxonomy":"wf_page_folders","embeddable":true,"href":"https:\/\/drrichardfakin.com\/de\/wp-json\/wp\/v2\/wf_page_folders?post=5113"}],"curies":[{"name":"wp","href":"https:\/\/api.w.org\/{rel}","templated":true}]}}